{"id":4997,"date":"2021-11-06T19:06:05","date_gmt":"2021-11-06T18:06:05","guid":{"rendered":"https:\/\/cadflix.eu\/?page_id=4997"},"modified":"2021-11-07T11:46:57","modified_gmt":"2021-11-07T10:46:57","slug":"m-files","status":"publish","type":"page","link":"https:\/\/cadflix.eu\/sk\/m-files\/","title":{"rendered":"M-Files"},"content":{"rendered":"<div data-elementor-type=\"wp-page\" data-elementor-id=\"4997\" class=\"elementor elementor-4997\" data-elementor-post-type=\"page\">\n\t\t\t\t\t\t<section class=\"has_ae_slider elementor-section elementor-top-section elementor-element elementor-element-bc5c31a elementor-section-full_width elementor-section-height-default elementor-section-height-default ae-bg-gallery-type-default\" data-id=\"bc5c31a\" data-element_type=\"section\" data-e-type=\"section\">\n\t\t\t\t\t\t<div class=\"elementor-container elementor-column-gap-default\">\n\t\t\t\t\t<div class=\"has_ae_slider elementor-column elementor-col-100 elementor-top-column elementor-element elementor-element-d2b9b00 ae-bg-gallery-type-default\" data-id=\"d2b9b00\" data-element_type=\"column\" data-e-type=\"column\">\n\t\t\t<div class=\"elementor-widget-wrap elementor-element-populated\">\n\t\t\t\t\t\t<div class=\"elementor-element elementor-element-6ac2c80 elementor-widget elementor-widget-heading\" data-id=\"6ac2c80\" data-element_type=\"widget\" data-e-type=\"widget\" data-widget_type=\"heading.default\">\n\t\t\t\t<div class=\"elementor-widget-container\">\n\t\t\t\t\t<h2 class=\"elementor-heading-title elementor-size-default\">M-Files<\/h2>\t\t\t\t<\/div>\n\t\t\t\t<\/div>\n\t\t\t\t<div class=\"elementor-element elementor-element-fd99f48 elementor-widget elementor-widget-text-editor\" data-id=\"fd99f48\" data-element_type=\"widget\" data-e-type=\"widget\" data-widget_type=\"text-editor.default\">\n\t\t\t\t<div class=\"elementor-widget-container\">\n\t\t\t\t\t\t\t\t\t<p>M-Files is an intelligent information management platform that helps companies make smart connections across the business and automate critical business processes, while at the same time keeping information secured and controlled.<\/p><p>In the most recent Gartner Magic Quadrant for Content Services Platform, M-Files was positioned as a Visionary.<\/p>\t\t\t\t\t\t\t\t<\/div>\n\t\t\t\t<\/div>\n\t\t\t\t\t<\/div>\n\t\t<\/div>\n\t\t\t\t\t<\/div>\n\t\t<\/section>\n\t\t\n      <section class=\"elementor-section elementor-top-section elementor-element elementor-section-boxed elementor-section-height-default elementor-section-height-default\" data-element_type=\"section\">\n        <div class=\"elementor-container elementor-column-gap-default\">\n          <div class=\"elementor-column elementor-col-100 elementor-top-column elementor-element\" data-element_type=\"column\">\n            <div class=\"elementor-widget-wrap elementor-element-populated\">\n              <div class=\"elementor-element elementor-widget elementor-widget-text-editor\" data-element_type=\"widget\" data-widget_type=\"text-editor.default\">\n                  <div class=\"elementor-widget-container\">\n                    <div class=\"mp_wrapper\">\n  <div class=\"mepr-unauthorized-message\">\n    Nie ste opr\u00e1vnen\u00ed prezera\u0165 t\u00fato str\u00e1nku. Pros\u00edm, <a href=\"https:\/\/cadflix.eu\/sk\/login\/\">Prihl\u00e1si\u0165<\/a>, alebo <a href=\"https:\/\/cadflix.eu\/sk\/#register-pick-plan\">Upgrade na spr\u00e1vny pl\u00e1n<\/a>  <\/div>\n  <div class=\"mepr-login-form-wrap\">\n            \n<div class=\"mp_wrapper mp_login_form\">\n                  <!-- mp-login-form-start -->     <form name=\"mepr_loginform\" id=\"mepr_loginform\" class=\"mepr-form\" action=\"https:\/\/cadflix.eu\/sk\/login\/\" method=\"post\" data-trp-original-action=\"https:\/\/cadflix.eu\/de\/login\/\">\n            <div class=\"mp-form-row mepr_username\">\n        <div class=\"mp-form-label\">\n                              <label for=\"user_login\" data-no-translation=\"\" data-trp-gettext=\"\">Benutzername oder E-Mail<\/label>\n        <\/div>\n        <input type=\"text\" name=\"log\" id=\"user_login\" value=\"\" \/>\n      <\/div>\n      <div class=\"mp-form-row mepr_password\">\n        <div class=\"mp-form-label\">\n          <label for=\"user_pass\" data-no-translation=\"\" data-trp-gettext=\"\">Passwort<\/label>\n          <div class=\"mp-hide-pw\">\n            <input type=\"password\" name=\"pwd\" id=\"user_pass\" value=\"\" \/>\n            <button type=\"button\" class=\"button mp-hide-pw hide-if-no-js\" data-toggle=\"0\" aria-label=\"Passwort anzeigen\" data-no-translation-aria-label=\"\">\n              <span class=\"dashicons dashicons-visibility\" aria-hidden=\"true\"><\/span>\n            <\/button>\n          <\/div>\n        <\/div>\n      <\/div>\n            <div>\n        <label><input name=\"rememberme\" type=\"checkbox\" id=\"rememberme\" value=\"forever\" \/> Erinnern Sie sich an mich<\/label>\n      <\/div>\n      <div class=\"mp-spacer\">&nbsp;<\/div>\n      <div class=\"submit\">\n        <input type=\"submit\" name=\"wp-submit\" id=\"wp-submit\" class=\"button-primary mepr-share-button\" value=\"Einloggen\" data-no-translation-value=\"\" \/>\n        <input type=\"hidden\" name=\"redirect_to\" value=\"\/de\/m-files\/\" \/>\n        <input type=\"hidden\" name=\"mepr_process_login_form\" value=\"true\" \/>\n        <input type=\"hidden\" name=\"mepr_is_login_page\" value=\"false\" \/>\n      <\/div>\n    <input type=\"hidden\" name=\"trp-form-language\" value=\"sk\"\/><\/form>\n    <div class=\"mp-spacer\">&nbsp;<\/div>\n    <div class=\"mepr-login-actions\">\n        <a\n          href=\"https:\/\/cadflix.eu\/de\/login\/?action=forgot_password\"\n          title=\"Click here to reset your password\" data-no-translation-title=\"\"\n        >\n          Passwort vergessen        <\/a>\n    <\/div>\n\n      \n    <!-- mp-login-form-end --> \n  <\/div>\n      <\/div>\n<\/div>\n                  <\/div>\n                <\/div>\n              <\/div>\n            <\/div>\n          <\/div>\n        <\/div>\n      <\/section>\n\n      \n      <section class=\"elementor-section elementor-top-section elementor-element elementor-section-boxed elementor-section-height-default elementor-section-height-default\" data-element_type=\"section\">\n        <div class=\"elementor-container elementor-column-gap-default\">\n          <div class=\"elementor-column elementor-col-100 elementor-top-column elementor-element\" data-element_type=\"column\">\n            <div class=\"elementor-widget-wrap elementor-element-populated\">\n              <div class=\"elementor-element elementor-widget elementor-widget-text-editor\" data-element_type=\"widget\" data-widget_type=\"text-editor.default\">\n                  <div class=\"elementor-widget-container\">\n                    <div class=\"mp_wrapper\">\n  <div class=\"mepr-unauthorized-message\">\n    Nie ste opr\u00e1vnen\u00ed prezera\u0165 t\u00fato str\u00e1nku. Pros\u00edm, <a href=\"https:\/\/cadflix.eu\/sk\/login\/\">Prihl\u00e1si\u0165<\/a>, alebo <a href=\"https:\/\/cadflix.eu\/sk\/#register-pick-plan\">Upgrade na spr\u00e1vny pl\u00e1n<\/a>  <\/div>\n  <div class=\"mepr-login-form-wrap\">\n            \n<div class=\"mp_wrapper mp_login_form\">\n                  <!-- mp-login-form-start -->     <form name=\"mepr_loginform\" id=\"mepr_loginform\" class=\"mepr-form\" action=\"https:\/\/cadflix.eu\/sk\/login\/\" method=\"post\" data-trp-original-action=\"https:\/\/cadflix.eu\/de\/login\/\">\n            <div class=\"mp-form-row mepr_username\">\n        <div class=\"mp-form-label\">\n                              <label for=\"user_login\" data-no-translation=\"\" data-trp-gettext=\"\">Benutzername oder E-Mail<\/label>\n        <\/div>\n        <input type=\"text\" name=\"log\" id=\"user_login\" value=\"\" \/>\n      <\/div>\n      <div class=\"mp-form-row mepr_password\">\n        <div class=\"mp-form-label\">\n          <label for=\"user_pass\" data-no-translation=\"\" data-trp-gettext=\"\">Passwort<\/label>\n          <div class=\"mp-hide-pw\">\n            <input type=\"password\" name=\"pwd\" id=\"user_pass\" value=\"\" \/>\n            <button type=\"button\" class=\"button mp-hide-pw hide-if-no-js\" data-toggle=\"0\" aria-label=\"Passwort anzeigen\" data-no-translation-aria-label=\"\">\n              <span class=\"dashicons dashicons-visibility\" aria-hidden=\"true\"><\/span>\n            <\/button>\n          <\/div>\n        <\/div>\n      <\/div>\n            <div>\n        <label><input name=\"rememberme\" type=\"checkbox\" id=\"rememberme\" value=\"forever\" \/> Erinnern Sie sich an mich<\/label>\n      <\/div>\n      <div class=\"mp-spacer\">&nbsp;<\/div>\n      <div class=\"submit\">\n        <input type=\"submit\" name=\"wp-submit\" id=\"wp-submit\" class=\"button-primary mepr-share-button\" value=\"Einloggen\" data-no-translation-value=\"\" \/>\n        <input type=\"hidden\" name=\"redirect_to\" value=\"\/de\/m-files\/\" \/>\n        <input type=\"hidden\" name=\"mepr_process_login_form\" value=\"true\" \/>\n        <input type=\"hidden\" name=\"mepr_is_login_page\" value=\"false\" \/>\n      <\/div>\n    <input type=\"hidden\" name=\"trp-form-language\" value=\"sk\"\/><\/form>\n    <div class=\"mp-spacer\">&nbsp;<\/div>\n    <div class=\"mepr-login-actions\">\n        <a\n          href=\"https:\/\/cadflix.eu\/de\/login\/?action=forgot_password\"\n          title=\"Click here to reset your password\" data-no-translation-title=\"\"\n        >\n          Passwort vergessen        <\/a>\n    <\/div>\n\n      \n    <!-- mp-login-form-end --> \n  <\/div>\n      <\/div>\n<\/div>\n                  <\/div>\n                <\/div>\n              <\/div>\n            <\/div>\n          <\/div>\n        <\/div>\n      <\/section>\n\n      \n      <section class=\"elementor-section elementor-top-section elementor-element elementor-section-boxed elementor-section-height-default elementor-section-height-default\" data-element_type=\"section\">\n        <div class=\"elementor-container elementor-column-gap-default\">\n          <div class=\"elementor-column elementor-col-100 elementor-top-column elementor-element\" data-element_type=\"column\">\n            <div class=\"elementor-widget-wrap elementor-element-populated\">\n              <div class=\"elementor-element elementor-widget elementor-widget-text-editor\" data-element_type=\"widget\" data-widget_type=\"text-editor.default\">\n                  <div class=\"elementor-widget-container\">\n                    <div class=\"mp_wrapper\">\n  <div class=\"mepr-unauthorized-message\">\n    Nie ste opr\u00e1vnen\u00ed prezera\u0165 t\u00fato str\u00e1nku. Pros\u00edm, <a href=\"https:\/\/cadflix.eu\/sk\/login\/\">Prihl\u00e1si\u0165<\/a>, alebo <a href=\"https:\/\/cadflix.eu\/sk\/#register-pick-plan\">Upgrade na spr\u00e1vny pl\u00e1n<\/a>  <\/div>\n  <div class=\"mepr-login-form-wrap\">\n            \n<div class=\"mp_wrapper mp_login_form\">\n                  <!-- mp-login-form-start -->     <form name=\"mepr_loginform\" id=\"mepr_loginform\" class=\"mepr-form\" action=\"https:\/\/cadflix.eu\/sk\/login\/\" method=\"post\" data-trp-original-action=\"https:\/\/cadflix.eu\/de\/login\/\">\n            <div class=\"mp-form-row mepr_username\">\n        <div class=\"mp-form-label\">\n                              <label for=\"user_login\" data-no-translation=\"\" data-trp-gettext=\"\">Benutzername oder E-Mail<\/label>\n        <\/div>\n        <input type=\"text\" name=\"log\" id=\"user_login\" value=\"\" \/>\n      <\/div>\n      <div class=\"mp-form-row mepr_password\">\n        <div class=\"mp-form-label\">\n          <label for=\"user_pass\" data-no-translation=\"\" data-trp-gettext=\"\">Passwort<\/label>\n          <div class=\"mp-hide-pw\">\n            <input type=\"password\" name=\"pwd\" id=\"user_pass\" value=\"\" \/>\n            <button type=\"button\" class=\"button mp-hide-pw hide-if-no-js\" data-toggle=\"0\" aria-label=\"Passwort anzeigen\" data-no-translation-aria-label=\"\">\n              <span class=\"dashicons dashicons-visibility\" aria-hidden=\"true\"><\/span>\n            <\/button>\n          <\/div>\n        <\/div>\n      <\/div>\n            <div>\n        <label><input name=\"rememberme\" type=\"checkbox\" id=\"rememberme\" value=\"forever\" \/> Erinnern Sie sich an mich<\/label>\n      <\/div>\n      <div class=\"mp-spacer\">&nbsp;<\/div>\n      <div class=\"submit\">\n        <input type=\"submit\" name=\"wp-submit\" id=\"wp-submit\" class=\"button-primary mepr-share-button\" value=\"Einloggen\" data-no-translation-value=\"\" \/>\n        <input type=\"hidden\" name=\"redirect_to\" value=\"\/de\/m-files\/\" \/>\n        <input type=\"hidden\" name=\"mepr_process_login_form\" value=\"true\" \/>\n        <input type=\"hidden\" name=\"mepr_is_login_page\" value=\"false\" \/>\n      <\/div>\n    <input type=\"hidden\" name=\"trp-form-language\" value=\"sk\"\/><\/form>\n    <div class=\"mp-spacer\">&nbsp;<\/div>\n    <div class=\"mepr-login-actions\">\n        <a\n          href=\"https:\/\/cadflix.eu\/de\/login\/?action=forgot_password\"\n          title=\"Click here to reset your password\" data-no-translation-title=\"\"\n        >\n          Passwort vergessen        <\/a>\n    <\/div>\n\n      \n    <!-- mp-login-form-end --> \n  <\/div>\n      <\/div>\n<\/div>\n                  <\/div>\n                <\/div>\n              <\/div>\n            <\/div>\n          <\/div>\n        <\/div>\n      <\/section>\n\n      \t\t<\/div>","protected":false},"excerpt":{"rendered":"<p>M-Files is an intelligent information management platform that helps companies make smart connections across the business and automate critical business processes, while at the same time keeping information secured and controlled. In the most recent Gartner Magic Quadrant for Content Services Platform, M-Files was positioned as a Visionary. PROFESSIONAL This content is available for PROFESSIONAL [&hellip;]<\/p>\n","protected":false},"author":1,"featured_media":0,"parent":0,"menu_order":6,"comment_status":"closed","ping_status":"closed","template":"","meta":{"footnotes":""},"class_list":["post-4997","page","type-page","status-publish","hentry"],"yoast_head":"<!-- This site is optimized with the Yoast SEO plugin v27.4 - https:\/\/yoast.com\/product\/yoast-seo-wordpress\/ -->\n<title>M-Files - Cadflix<\/title>\n<meta name=\"robots\" content=\"index, follow, max-snippet:-1, max-image-preview:large, max-video-preview:-1\" \/>\n<link rel=\"canonical\" href=\"https:\/\/cadflix.eu\/sk\/m-files\/\" \/>\n<meta property=\"og:locale\" content=\"sk_SK\" \/>\n<meta property=\"og:type\" content=\"article\" \/>\n<meta property=\"og:title\" content=\"M-Files - Cadflix\" \/>\n<meta property=\"og:description\" content=\"M-Files is an intelligent information management platform that helps companies make smart connections across the business and automate critical business processes, while at the same time keeping information secured and controlled. In the most recent Gartner Magic Quadrant for Content Services Platform, M-Files was positioned as a Visionary. PROFESSIONAL This content is available for PROFESSIONAL [&hellip;]\" \/>\n<meta property=\"og:url\" content=\"https:\/\/cadflix.eu\/sk\/m-files\/\" \/>\n<meta property=\"og:site_name\" content=\"Cadflix\" \/>\n<meta property=\"article:modified_time\" content=\"2021-11-07T10:46:57+00:00\" \/>\n<meta name=\"twitter:card\" content=\"summary_large_image\" \/>\n<meta name=\"twitter:label1\" content=\"Predpokladan\u00fd \u010das \u010d\u00edtania\" \/>\n\t<meta name=\"twitter:data1\" content=\"4 min\u00faty\" \/>\n<script type=\"application\/ld+json\" class=\"yoast-schema-graph\">{\"@context\":\"https:\\\/\\\/schema.org\",\"@graph\":[{\"@type\":\"WebPage\",\"@id\":\"https:\\\/\\\/cadflix.eu\\\/sl\\\/m-files\\\/\",\"url\":\"https:\\\/\\\/cadflix.eu\\\/sl\\\/m-files\\\/\",\"name\":\"M-Files - Cadflix\",\"isPartOf\":{\"@id\":\"https:\\\/\\\/cadflix.eu\\\/#website\"},\"datePublished\":\"2021-11-06T18:06:05+00:00\",\"dateModified\":\"2021-11-07T10:46:57+00:00\",\"breadcrumb\":{\"@id\":\"https:\\\/\\\/cadflix.eu\\\/sl\\\/m-files\\\/#breadcrumb\"},\"inLanguage\":\"sk-SK\",\"potentialAction\":[{\"@type\":\"ReadAction\",\"target\":[\"https:\\\/\\\/cadflix.eu\\\/sl\\\/m-files\\\/\"]}]},{\"@type\":\"BreadcrumbList\",\"@id\":\"https:\\\/\\\/cadflix.eu\\\/sl\\\/m-files\\\/#breadcrumb\",\"itemListElement\":[{\"@type\":\"ListItem\",\"position\":1,\"name\":\"Home\",\"item\":\"https:\\\/\\\/cadflix.eu\\\/\"},{\"@type\":\"ListItem\",\"position\":2,\"name\":\"M-Files\"}]},{\"@type\":\"WebSite\",\"@id\":\"https:\\\/\\\/cadflix.eu\\\/#website\",\"url\":\"https:\\\/\\\/cadflix.eu\\\/\",\"name\":\"Cadflix\",\"description\":\"by Cadvision\",\"publisher\":{\"@id\":\"https:\\\/\\\/cadflix.eu\\\/#organization\"},\"potentialAction\":[{\"@type\":\"SearchAction\",\"target\":{\"@type\":\"EntryPoint\",\"urlTemplate\":\"https:\\\/\\\/cadflix.eu\\\/?s={search_term_string}\"},\"query-input\":{\"@type\":\"PropertyValueSpecification\",\"valueRequired\":true,\"valueName\":\"search_term_string\"}}],\"inLanguage\":\"sk-SK\"},{\"@type\":\"Organization\",\"@id\":\"https:\\\/\\\/cadflix.eu\\\/#organization\",\"name\":\"CADFLIX\",\"url\":\"https:\\\/\\\/cadflix.eu\\\/\",\"logo\":{\"@type\":\"ImageObject\",\"inLanguage\":\"sk-SK\",\"@id\":\"https:\\\/\\\/cadflix.eu\\\/#\\\/schema\\\/logo\\\/image\\\/\",\"url\":\"https:\\\/\\\/cadflix.eu\\\/wp-content\\\/uploads\\\/2021\\\/04\\\/invouce-cadflix-logo.png\",\"contentUrl\":\"https:\\\/\\\/cadflix.eu\\\/wp-content\\\/uploads\\\/2021\\\/04\\\/invouce-cadflix-logo.png\",\"width\":800,\"height\":335,\"caption\":\"CADFLIX\"},\"image\":{\"@id\":\"https:\\\/\\\/cadflix.eu\\\/#\\\/schema\\\/logo\\\/image\\\/\"}}]}<\/script>\n<!-- \/ Yoast SEO plugin. -->","yoast_head_json":{"title":"M-Files - Cadflix","robots":{"index":"index","follow":"follow","max-snippet":"max-snippet:-1","max-image-preview":"max-image-preview:large","max-video-preview":"max-video-preview:-1"},"canonical":"https:\/\/cadflix.eu\/sk\/m-files\/","og_locale":"sk_SK","og_type":"article","og_title":"M-Files - Cadflix","og_description":"M-Files is an intelligent information management platform that helps companies make smart connections across the business and automate critical business processes, while at the same time keeping information secured and controlled. In the most recent Gartner Magic Quadrant for Content Services Platform, M-Files was positioned as a Visionary. PROFESSIONAL This content is available for PROFESSIONAL [&hellip;]","og_url":"https:\/\/cadflix.eu\/sk\/m-files\/","og_site_name":"Cadflix","article_modified_time":"2021-11-07T10:46:57+00:00","twitter_card":"summary_large_image","twitter_misc":{"Predpokladan\u00fd \u010das \u010d\u00edtania":"4 min\u00faty"},"schema":{"@context":"https:\/\/schema.org","@graph":[{"@type":"WebPage","@id":"https:\/\/cadflix.eu\/sl\/m-files\/","url":"https:\/\/cadflix.eu\/sl\/m-files\/","name":"M-Files - Cadflix","isPartOf":{"@id":"https:\/\/cadflix.eu\/#website"},"datePublished":"2021-11-06T18:06:05+00:00","dateModified":"2021-11-07T10:46:57+00:00","breadcrumb":{"@id":"https:\/\/cadflix.eu\/sl\/m-files\/#breadcrumb"},"inLanguage":"sk-SK","potentialAction":[{"@type":"ReadAction","target":["https:\/\/cadflix.eu\/sl\/m-files\/"]}]},{"@type":"BreadcrumbList","@id":"https:\/\/cadflix.eu\/sl\/m-files\/#breadcrumb","itemListElement":[{"@type":"ListItem","position":1,"name":"Home","item":"https:\/\/cadflix.eu\/"},{"@type":"ListItem","position":2,"name":"M-Files"}]},{"@type":"WebSite","@id":"https:\/\/cadflix.eu\/#website","url":"https:\/\/cadflix.eu\/","name":"Cadflix","description":"by Cadvision","publisher":{"@id":"https:\/\/cadflix.eu\/#organization"},"potentialAction":[{"@type":"SearchAction","target":{"@type":"EntryPoint","urlTemplate":"https:\/\/cadflix.eu\/?s={search_term_string}"},"query-input":{"@type":"PropertyValueSpecification","valueRequired":true,"valueName":"search_term_string"}}],"inLanguage":"sk-SK"},{"@type":"Organization","@id":"https:\/\/cadflix.eu\/#organization","name":"CADFLIX","url":"https:\/\/cadflix.eu\/","logo":{"@type":"ImageObject","inLanguage":"sk-SK","@id":"https:\/\/cadflix.eu\/#\/schema\/logo\/image\/","url":"https:\/\/cadflix.eu\/wp-content\/uploads\/2021\/04\/invouce-cadflix-logo.png","contentUrl":"https:\/\/cadflix.eu\/wp-content\/uploads\/2021\/04\/invouce-cadflix-logo.png","width":800,"height":335,"caption":"CADFLIX"},"image":{"@id":"https:\/\/cadflix.eu\/#\/schema\/logo\/image\/"}}]}},"publishpress_future_action":{"enabled":false,"date":"2026-05-04 19:12:38","action":"change-status","newStatus":"draft","terms":[],"taxonomy":"","extraData":[]},"publishpress_future_workflow_manual_trigger":{"enabledWorkflows":[]},"_links":{"self":[{"href":"https:\/\/cadflix.eu\/sk\/wp-json\/wp\/v2\/pages\/4997","targetHints":{"allow":["GET"]}}],"collection":[{"href":"https:\/\/cadflix.eu\/sk\/wp-json\/wp\/v2\/pages"}],"about":[{"href":"https:\/\/cadflix.eu\/sk\/wp-json\/wp\/v2\/types\/page"}],"author":[{"embeddable":true,"href":"https:\/\/cadflix.eu\/sk\/wp-json\/wp\/v2\/users\/1"}],"replies":[{"embeddable":true,"href":"https:\/\/cadflix.eu\/sk\/wp-json\/wp\/v2\/comments?post=4997"}],"version-history":[{"count":20,"href":"https:\/\/cadflix.eu\/sk\/wp-json\/wp\/v2\/pages\/4997\/revisions"}],"predecessor-version":[{"id":5590,"href":"https:\/\/cadflix.eu\/sk\/wp-json\/wp\/v2\/pages\/4997\/revisions\/5590"}],"wp:attachment":[{"href":"https:\/\/cadflix.eu\/sk\/wp-json\/wp\/v2\/media?parent=4997"}],"curies":[{"name":"wp","href":"https:\/\/api.w.org\/{rel}","templated":true}]}}