{"id":4987,"date":"2021-11-06T19:04:49","date_gmt":"2021-11-06T18:04:49","guid":{"rendered":"https:\/\/cadflix.eu\/?page_id=4987"},"modified":"2021-11-07T11:21:37","modified_gmt":"2021-11-07T10:21:37","slug":"autocad","status":"publish","type":"page","link":"https:\/\/cadflix.eu\/sk\/autocad\/","title":{"rendered":"AutoCAD"},"content":{"rendered":"<div data-elementor-type=\"wp-page\" data-elementor-id=\"4987\" class=\"elementor elementor-4987\" data-elementor-post-type=\"page\">\n\t\t\t\t\t\t<section class=\"has_ae_slider elementor-section elementor-top-section elementor-element elementor-element-6bb2cc8 elementor-section-full_width elementor-section-height-default elementor-section-height-default ae-bg-gallery-type-default\" data-id=\"6bb2cc8\" data-element_type=\"section\" data-e-type=\"section\">\n\t\t\t\t\t\t<div class=\"elementor-container elementor-column-gap-default\">\n\t\t\t\t\t<div class=\"has_ae_slider elementor-column elementor-col-100 elementor-top-column elementor-element elementor-element-5a61305 ae-bg-gallery-type-default\" data-id=\"5a61305\" data-element_type=\"column\" data-e-type=\"column\">\n\t\t\t<div class=\"elementor-widget-wrap elementor-element-populated\">\n\t\t\t\t\t\t<div class=\"elementor-element elementor-element-ff097b9 elementor-widget elementor-widget-heading\" data-id=\"ff097b9\" data-element_type=\"widget\" data-e-type=\"widget\" data-widget_type=\"heading.default\">\n\t\t\t\t<div class=\"elementor-widget-container\">\n\t\t\t\t\t<h2 class=\"elementor-heading-title elementor-size-default\">AutoCAD<\/h2>\t\t\t\t<\/div>\n\t\t\t\t<\/div>\n\t\t\t\t<div class=\"elementor-element elementor-element-81cddc4 elementor-widget elementor-widget-text-editor\" data-id=\"81cddc4\" data-element_type=\"widget\" data-e-type=\"widget\" data-widget_type=\"text-editor.default\">\n\t\t\t\t<div class=\"elementor-widget-container\">\n\t\t\t\t\t\t\t\t\t<p>AutoCAD\u00ae is computer-aided design (CAD) software that architects, engineers, and construction professionals rely on to create precise 2D and 3D drawings.<\/p><p>Draft, annotate, and design 2D geometry and 3D models with solids, surfaces, and mesh objects, Automate tasks such as comparing drawings, counting, adding blocks, creating schedules, and more<\/p>\t\t\t\t\t\t\t\t<\/div>\n\t\t\t\t<\/div>\n\t\t\t\t\t<\/div>\n\t\t<\/div>\n\t\t\t\t\t<\/div>\n\t\t<\/section>\n\t\t\n      <section class=\"elementor-section elementor-top-section elementor-element elementor-section-boxed elementor-section-height-default elementor-section-height-default\" data-element_type=\"section\">\n        <div class=\"elementor-container elementor-column-gap-default\">\n          <div class=\"elementor-column elementor-col-100 elementor-top-column elementor-element\" data-element_type=\"column\">\n            <div class=\"elementor-widget-wrap elementor-element-populated\">\n              <div class=\"elementor-element elementor-widget elementor-widget-text-editor\" data-element_type=\"widget\" data-widget_type=\"text-editor.default\">\n                  <div class=\"elementor-widget-container\">\n                    <div class=\"mp_wrapper\">\n  <div class=\"mepr-unauthorized-message\">\n    Nie ste opr\u00e1vnen\u00ed prezera\u0165 t\u00fato str\u00e1nku. Pros\u00edm, <a href=\"https:\/\/cadflix.eu\/sk\/login\/\">Prihl\u00e1si\u0165<\/a>, alebo <a href=\"https:\/\/cadflix.eu\/sk\/#register-pick-plan\">Upgrade na spr\u00e1vny pl\u00e1n<\/a>  <\/div>\n  <div class=\"mepr-login-form-wrap\">\n            \n<div class=\"mp_wrapper mp_login_form\">\n                  <!-- mp-login-form-start -->     <form name=\"mepr_loginform\" id=\"mepr_loginform\" class=\"mepr-form\" action=\"https:\/\/cadflix.eu\/sk\/login\/\" method=\"post\">\n            <div class=\"mp-form-row mepr_username\">\n        <div class=\"mp-form-label\">\n                              <label for=\"user_login\" data-no-translation=\"\" data-trp-gettext=\"\">Pou\u017e\u00edvate\u013esk\u00e9 meno alebo e-mail<\/label>\n        <\/div>\n        <input type=\"text\" name=\"log\" id=\"user_login\" value=\"\" \/>\n      <\/div>\n      <div class=\"mp-form-row mepr_password\">\n        <div class=\"mp-form-label\">\n          <label for=\"user_pass\" data-no-translation=\"\" data-trp-gettext=\"\">Heslo<\/label>\n          <div class=\"mp-hide-pw\">\n            <input type=\"password\" name=\"pwd\" id=\"user_pass\" value=\"\" \/>\n            <button type=\"button\" class=\"button mp-hide-pw hide-if-no-js\" data-toggle=\"0\" aria-label=\"Zobrazi\u0165 heslo\" data-no-translation-aria-label=\"\">\n              <span class=\"dashicons dashicons-visibility\" aria-hidden=\"true\"><\/span>\n            <\/button>\n          <\/div>\n        <\/div>\n      <\/div>\n            <div>\n        <label><input name=\"rememberme\" type=\"checkbox\" id=\"rememberme\" value=\"forever\" \/> Pam\u00e4taj si ma<\/label>\n      <\/div>\n      <div class=\"mp-spacer\">&nbsp;<\/div>\n      <div class=\"submit\">\n        <input type=\"submit\" name=\"wp-submit\" id=\"wp-submit\" class=\"button-primary mepr-share-button\" value=\"Prihl\u00e1senie\" data-no-translation-value=\"\" \/>\n        <input type=\"hidden\" name=\"redirect_to\" value=\"\/sk\/autocad\/\" \/>\n        <input type=\"hidden\" name=\"mepr_process_login_form\" value=\"true\" \/>\n        <input type=\"hidden\" name=\"mepr_is_login_page\" value=\"false\" \/>\n      <\/div>\n    <\/form>\n    <div class=\"mp-spacer\">&nbsp;<\/div>\n    <div class=\"mepr-login-actions\">\n        <a\n          href=\"https:\/\/cadflix.eu\/sk\/login\/?action=forgot_password\"\n          title=\"Click here to reset your password\" data-no-translation-title=\"\"\n        >\n          Zabudnut\u00e9 heslo        <\/a>\n    <\/div>\n\n      \n    <!-- mp-login-form-end --> \n  <\/div>\n      <\/div>\n<\/div>\n                  <\/div>\n                <\/div>\n              <\/div>\n            <\/div>\n          <\/div>\n        <\/div>\n      <\/section>\n\n      \n      <section class=\"elementor-section elementor-top-section elementor-element elementor-section-boxed elementor-section-height-default elementor-section-height-default\" data-element_type=\"section\">\n        <div class=\"elementor-container elementor-column-gap-default\">\n          <div class=\"elementor-column elementor-col-100 elementor-top-column elementor-element\" data-element_type=\"column\">\n            <div class=\"elementor-widget-wrap elementor-element-populated\">\n              <div class=\"elementor-element elementor-widget elementor-widget-text-editor\" data-element_type=\"widget\" data-widget_type=\"text-editor.default\">\n                  <div class=\"elementor-widget-container\">\n                    <div class=\"mp_wrapper\">\n  <div class=\"mepr-unauthorized-message\">\n    Nie ste opr\u00e1vnen\u00ed prezera\u0165 t\u00fato str\u00e1nku. Pros\u00edm, <a href=\"https:\/\/cadflix.eu\/sk\/login\/\">Prihl\u00e1si\u0165<\/a>, alebo <a href=\"https:\/\/cadflix.eu\/sk\/#register-pick-plan\">Upgrade na spr\u00e1vny pl\u00e1n<\/a>  <\/div>\n  <div class=\"mepr-login-form-wrap\">\n            \n<div class=\"mp_wrapper mp_login_form\">\n                  <!-- mp-login-form-start -->     <form name=\"mepr_loginform\" id=\"mepr_loginform\" class=\"mepr-form\" action=\"https:\/\/cadflix.eu\/sk\/login\/\" method=\"post\">\n            <div class=\"mp-form-row mepr_username\">\n        <div class=\"mp-form-label\">\n                              <label for=\"user_login\" data-no-translation=\"\" data-trp-gettext=\"\">Pou\u017e\u00edvate\u013esk\u00e9 meno alebo e-mail<\/label>\n        <\/div>\n        <input type=\"text\" name=\"log\" id=\"user_login\" value=\"\" \/>\n      <\/div>\n      <div class=\"mp-form-row mepr_password\">\n        <div class=\"mp-form-label\">\n          <label for=\"user_pass\" data-no-translation=\"\" data-trp-gettext=\"\">Heslo<\/label>\n          <div class=\"mp-hide-pw\">\n            <input type=\"password\" name=\"pwd\" id=\"user_pass\" value=\"\" \/>\n            <button type=\"button\" class=\"button mp-hide-pw hide-if-no-js\" data-toggle=\"0\" aria-label=\"Zobrazi\u0165 heslo\" data-no-translation-aria-label=\"\">\n              <span class=\"dashicons dashicons-visibility\" aria-hidden=\"true\"><\/span>\n            <\/button>\n          <\/div>\n        <\/div>\n      <\/div>\n            <div>\n        <label><input name=\"rememberme\" type=\"checkbox\" id=\"rememberme\" value=\"forever\" \/> Pam\u00e4taj si ma<\/label>\n      <\/div>\n      <div class=\"mp-spacer\">&nbsp;<\/div>\n      <div class=\"submit\">\n        <input type=\"submit\" name=\"wp-submit\" id=\"wp-submit\" class=\"button-primary mepr-share-button\" value=\"Prihl\u00e1senie\" data-no-translation-value=\"\" \/>\n        <input type=\"hidden\" name=\"redirect_to\" value=\"\/sk\/autocad\/\" \/>\n        <input type=\"hidden\" name=\"mepr_process_login_form\" value=\"true\" \/>\n        <input type=\"hidden\" name=\"mepr_is_login_page\" value=\"false\" \/>\n      <\/div>\n    <\/form>\n    <div class=\"mp-spacer\">&nbsp;<\/div>\n    <div class=\"mepr-login-actions\">\n        <a\n          href=\"https:\/\/cadflix.eu\/sk\/login\/?action=forgot_password\"\n          title=\"Click here to reset your password\" data-no-translation-title=\"\"\n        >\n          Zabudnut\u00e9 heslo        <\/a>\n    <\/div>\n\n      \n    <!-- mp-login-form-end --> \n  <\/div>\n      <\/div>\n<\/div>\n                  <\/div>\n                <\/div>\n              <\/div>\n            <\/div>\n          <\/div>\n        <\/div>\n      <\/section>\n\n      \n      <section class=\"elementor-section elementor-top-section elementor-element elementor-section-boxed elementor-section-height-default elementor-section-height-default\" data-element_type=\"section\">\n        <div class=\"elementor-container elementor-column-gap-default\">\n          <div class=\"elementor-column elementor-col-100 elementor-top-column elementor-element\" data-element_type=\"column\">\n            <div class=\"elementor-widget-wrap elementor-element-populated\">\n              <div class=\"elementor-element elementor-widget elementor-widget-text-editor\" data-element_type=\"widget\" data-widget_type=\"text-editor.default\">\n                  <div class=\"elementor-widget-container\">\n                    <div class=\"mp_wrapper\">\n  <div class=\"mepr-unauthorized-message\">\n    Nie ste opr\u00e1vnen\u00ed prezera\u0165 t\u00fato str\u00e1nku. Pros\u00edm, <a href=\"https:\/\/cadflix.eu\/sk\/login\/\">Prihl\u00e1si\u0165<\/a>, alebo <a href=\"https:\/\/cadflix.eu\/sk\/#register-pick-plan\">Upgrade na spr\u00e1vny pl\u00e1n<\/a>  <\/div>\n  <div class=\"mepr-login-form-wrap\">\n            \n<div class=\"mp_wrapper mp_login_form\">\n                  <!-- mp-login-form-start -->     <form name=\"mepr_loginform\" id=\"mepr_loginform\" class=\"mepr-form\" action=\"https:\/\/cadflix.eu\/sk\/login\/\" method=\"post\">\n            <div class=\"mp-form-row mepr_username\">\n        <div class=\"mp-form-label\">\n                              <label for=\"user_login\" data-no-translation=\"\" data-trp-gettext=\"\">Pou\u017e\u00edvate\u013esk\u00e9 meno alebo e-mail<\/label>\n        <\/div>\n        <input type=\"text\" name=\"log\" id=\"user_login\" value=\"\" \/>\n      <\/div>\n      <div class=\"mp-form-row mepr_password\">\n        <div class=\"mp-form-label\">\n          <label for=\"user_pass\" data-no-translation=\"\" data-trp-gettext=\"\">Heslo<\/label>\n          <div class=\"mp-hide-pw\">\n            <input type=\"password\" name=\"pwd\" id=\"user_pass\" value=\"\" \/>\n            <button type=\"button\" class=\"button mp-hide-pw hide-if-no-js\" data-toggle=\"0\" aria-label=\"Zobrazi\u0165 heslo\" data-no-translation-aria-label=\"\">\n              <span class=\"dashicons dashicons-visibility\" aria-hidden=\"true\"><\/span>\n            <\/button>\n          <\/div>\n        <\/div>\n      <\/div>\n            <div>\n        <label><input name=\"rememberme\" type=\"checkbox\" id=\"rememberme\" value=\"forever\" \/> Pam\u00e4taj si ma<\/label>\n      <\/div>\n      <div class=\"mp-spacer\">&nbsp;<\/div>\n      <div class=\"submit\">\n        <input type=\"submit\" name=\"wp-submit\" id=\"wp-submit\" class=\"button-primary mepr-share-button\" value=\"Prihl\u00e1senie\" data-no-translation-value=\"\" \/>\n        <input type=\"hidden\" name=\"redirect_to\" value=\"\/sk\/autocad\/\" \/>\n        <input type=\"hidden\" name=\"mepr_process_login_form\" value=\"true\" \/>\n        <input type=\"hidden\" name=\"mepr_is_login_page\" value=\"false\" \/>\n      <\/div>\n    <\/form>\n    <div class=\"mp-spacer\">&nbsp;<\/div>\n    <div class=\"mepr-login-actions\">\n        <a\n          href=\"https:\/\/cadflix.eu\/sk\/login\/?action=forgot_password\"\n          title=\"Click here to reset your password\" data-no-translation-title=\"\"\n        >\n          Zabudnut\u00e9 heslo        <\/a>\n    <\/div>\n\n      \n    <!-- mp-login-form-end --> \n  <\/div>\n      <\/div>\n<\/div>\n                  <\/div>\n                <\/div>\n              <\/div>\n            <\/div>\n          <\/div>\n        <\/div>\n      <\/section>\n\n      \t\t<\/div>","protected":false},"excerpt":{"rendered":"<p>AutoCAD\u00ae is computer-aided design (CAD) software that architects, engineers, and construction professionals rely on to create precise 2D and 3D drawings. Draft, annotate, and design 2D geometry and 3D models with solids, surfaces, and mesh objects, Automate tasks such as comparing drawings, counting, adding blocks, creating schedules, and more PROFESSIONAL This content is available for [&hellip;]<\/p>\n","protected":false},"author":1,"featured_media":0,"parent":0,"menu_order":11,"comment_status":"closed","ping_status":"closed","template":"","meta":{"footnotes":""},"class_list":["post-4987","page","type-page","status-publish","hentry"],"yoast_head":"<!-- This site is optimized with the Yoast SEO plugin v27.4 - https:\/\/yoast.com\/product\/yoast-seo-wordpress\/ -->\n<title>AutoCAD - Cadflix<\/title>\n<meta name=\"robots\" content=\"index, follow, max-snippet:-1, max-image-preview:large, max-video-preview:-1\" \/>\n<link rel=\"canonical\" href=\"https:\/\/cadflix.eu\/sk\/autocad\/\" \/>\n<meta property=\"og:locale\" content=\"sk_SK\" \/>\n<meta property=\"og:type\" content=\"article\" \/>\n<meta property=\"og:title\" content=\"AutoCAD - Cadflix\" \/>\n<meta property=\"og:description\" content=\"AutoCAD\u00ae is computer-aided design (CAD) software that architects, engineers, and construction professionals rely on to create precise 2D and 3D drawings. Draft, annotate, and design 2D geometry and 3D models with solids, surfaces, and mesh objects, Automate tasks such as comparing drawings, counting, adding blocks, creating schedules, and more PROFESSIONAL This content is available for [&hellip;]\" \/>\n<meta property=\"og:url\" content=\"https:\/\/cadflix.eu\/sk\/autocad\/\" \/>\n<meta property=\"og:site_name\" content=\"Cadflix\" \/>\n<meta property=\"article:modified_time\" content=\"2021-11-07T10:21:37+00:00\" \/>\n<meta name=\"twitter:card\" content=\"summary_large_image\" \/>\n<meta name=\"twitter:label1\" content=\"Predpokladan\u00fd \u010das \u010d\u00edtania\" \/>\n\t<meta name=\"twitter:data1\" content=\"1 min\u00fata\" \/>\n<script type=\"application\/ld+json\" class=\"yoast-schema-graph\">{\"@context\":\"https:\\\/\\\/schema.org\",\"@graph\":[{\"@type\":\"WebPage\",\"@id\":\"https:\\\/\\\/cadflix.eu\\\/sk\\\/autocad\\\/\",\"url\":\"https:\\\/\\\/cadflix.eu\\\/sk\\\/autocad\\\/\",\"name\":\"AutoCAD - Cadflix\",\"isPartOf\":{\"@id\":\"https:\\\/\\\/cadflix.eu\\\/#website\"},\"datePublished\":\"2021-11-06T18:04:49+00:00\",\"dateModified\":\"2021-11-07T10:21:37+00:00\",\"breadcrumb\":{\"@id\":\"https:\\\/\\\/cadflix.eu\\\/sk\\\/autocad\\\/#breadcrumb\"},\"inLanguage\":\"sk-SK\",\"potentialAction\":[{\"@type\":\"ReadAction\",\"target\":[\"https:\\\/\\\/cadflix.eu\\\/sk\\\/autocad\\\/\"]}]},{\"@type\":\"BreadcrumbList\",\"@id\":\"https:\\\/\\\/cadflix.eu\\\/sk\\\/autocad\\\/#breadcrumb\",\"itemListElement\":[{\"@type\":\"ListItem\",\"position\":1,\"name\":\"Home\",\"item\":\"https:\\\/\\\/cadflix.eu\\\/\"},{\"@type\":\"ListItem\",\"position\":2,\"name\":\"AutoCAD\"}]},{\"@type\":\"WebSite\",\"@id\":\"https:\\\/\\\/cadflix.eu\\\/#website\",\"url\":\"https:\\\/\\\/cadflix.eu\\\/\",\"name\":\"Cadflix\",\"description\":\"by Cadvision\",\"publisher\":{\"@id\":\"https:\\\/\\\/cadflix.eu\\\/#organization\"},\"potentialAction\":[{\"@type\":\"SearchAction\",\"target\":{\"@type\":\"EntryPoint\",\"urlTemplate\":\"https:\\\/\\\/cadflix.eu\\\/?s={search_term_string}\"},\"query-input\":{\"@type\":\"PropertyValueSpecification\",\"valueRequired\":true,\"valueName\":\"search_term_string\"}}],\"inLanguage\":\"sk-SK\"},{\"@type\":\"Organization\",\"@id\":\"https:\\\/\\\/cadflix.eu\\\/#organization\",\"name\":\"CADFLIX\",\"url\":\"https:\\\/\\\/cadflix.eu\\\/\",\"logo\":{\"@type\":\"ImageObject\",\"inLanguage\":\"sk-SK\",\"@id\":\"https:\\\/\\\/cadflix.eu\\\/#\\\/schema\\\/logo\\\/image\\\/\",\"url\":\"https:\\\/\\\/cadflix.eu\\\/wp-content\\\/uploads\\\/2021\\\/04\\\/invouce-cadflix-logo.png\",\"contentUrl\":\"https:\\\/\\\/cadflix.eu\\\/wp-content\\\/uploads\\\/2021\\\/04\\\/invouce-cadflix-logo.png\",\"width\":800,\"height\":335,\"caption\":\"CADFLIX\"},\"image\":{\"@id\":\"https:\\\/\\\/cadflix.eu\\\/#\\\/schema\\\/logo\\\/image\\\/\"}}]}<\/script>\n<!-- \/ Yoast SEO plugin. -->","yoast_head_json":{"title":"AutoCAD - Cadflix","robots":{"index":"index","follow":"follow","max-snippet":"max-snippet:-1","max-image-preview":"max-image-preview:large","max-video-preview":"max-video-preview:-1"},"canonical":"https:\/\/cadflix.eu\/sk\/autocad\/","og_locale":"sk_SK","og_type":"article","og_title":"AutoCAD - Cadflix","og_description":"AutoCAD\u00ae is computer-aided design (CAD) software that architects, engineers, and construction professionals rely on to create precise 2D and 3D drawings. Draft, annotate, and design 2D geometry and 3D models with solids, surfaces, and mesh objects, Automate tasks such as comparing drawings, counting, adding blocks, creating schedules, and more PROFESSIONAL This content is available for [&hellip;]","og_url":"https:\/\/cadflix.eu\/sk\/autocad\/","og_site_name":"Cadflix","article_modified_time":"2021-11-07T10:21:37+00:00","twitter_card":"summary_large_image","twitter_misc":{"Predpokladan\u00fd \u010das \u010d\u00edtania":"1 min\u00fata"},"schema":{"@context":"https:\/\/schema.org","@graph":[{"@type":"WebPage","@id":"https:\/\/cadflix.eu\/sk\/autocad\/","url":"https:\/\/cadflix.eu\/sk\/autocad\/","name":"AutoCAD - Cadflix","isPartOf":{"@id":"https:\/\/cadflix.eu\/#website"},"datePublished":"2021-11-06T18:04:49+00:00","dateModified":"2021-11-07T10:21:37+00:00","breadcrumb":{"@id":"https:\/\/cadflix.eu\/sk\/autocad\/#breadcrumb"},"inLanguage":"sk-SK","potentialAction":[{"@type":"ReadAction","target":["https:\/\/cadflix.eu\/sk\/autocad\/"]}]},{"@type":"BreadcrumbList","@id":"https:\/\/cadflix.eu\/sk\/autocad\/#breadcrumb","itemListElement":[{"@type":"ListItem","position":1,"name":"Home","item":"https:\/\/cadflix.eu\/"},{"@type":"ListItem","position":2,"name":"AutoCAD"}]},{"@type":"WebSite","@id":"https:\/\/cadflix.eu\/#website","url":"https:\/\/cadflix.eu\/","name":"Cadflix","description":"by Cadvision","publisher":{"@id":"https:\/\/cadflix.eu\/#organization"},"potentialAction":[{"@type":"SearchAction","target":{"@type":"EntryPoint","urlTemplate":"https:\/\/cadflix.eu\/?s={search_term_string}"},"query-input":{"@type":"PropertyValueSpecification","valueRequired":true,"valueName":"search_term_string"}}],"inLanguage":"sk-SK"},{"@type":"Organization","@id":"https:\/\/cadflix.eu\/#organization","name":"CADFLIX","url":"https:\/\/cadflix.eu\/","logo":{"@type":"ImageObject","inLanguage":"sk-SK","@id":"https:\/\/cadflix.eu\/#\/schema\/logo\/image\/","url":"https:\/\/cadflix.eu\/wp-content\/uploads\/2021\/04\/invouce-cadflix-logo.png","contentUrl":"https:\/\/cadflix.eu\/wp-content\/uploads\/2021\/04\/invouce-cadflix-logo.png","width":800,"height":335,"caption":"CADFLIX"},"image":{"@id":"https:\/\/cadflix.eu\/#\/schema\/logo\/image\/"}}]}},"publishpress_future_action":{"enabled":false,"date":"2026-05-04 19:06:46","action":"change-status","newStatus":"draft","terms":[],"taxonomy":"","extraData":[]},"publishpress_future_workflow_manual_trigger":{"enabledWorkflows":[]},"_links":{"self":[{"href":"https:\/\/cadflix.eu\/sk\/wp-json\/wp\/v2\/pages\/4987","targetHints":{"allow":["GET"]}}],"collection":[{"href":"https:\/\/cadflix.eu\/sk\/wp-json\/wp\/v2\/pages"}],"about":[{"href":"https:\/\/cadflix.eu\/sk\/wp-json\/wp\/v2\/types\/page"}],"author":[{"embeddable":true,"href":"https:\/\/cadflix.eu\/sk\/wp-json\/wp\/v2\/users\/1"}],"replies":[{"embeddable":true,"href":"https:\/\/cadflix.eu\/sk\/wp-json\/wp\/v2\/comments?post=4987"}],"version-history":[{"count":13,"href":"https:\/\/cadflix.eu\/sk\/wp-json\/wp\/v2\/pages\/4987\/revisions"}],"predecessor-version":[{"id":5154,"href":"https:\/\/cadflix.eu\/sk\/wp-json\/wp\/v2\/pages\/4987\/revisions\/5154"}],"wp:attachment":[{"href":"https:\/\/cadflix.eu\/sk\/wp-json\/wp\/v2\/media?parent=4987"}],"curies":[{"name":"wp","href":"https:\/\/api.w.org\/{rel}","templated":true}]}}