{"id":4983,"date":"2021-11-06T19:04:13","date_gmt":"2021-11-06T18:04:13","guid":{"rendered":"https:\/\/cadflix.eu\/?page_id=4983"},"modified":"2021-11-07T10:19:35","modified_gmt":"2021-11-07T09:19:35","slug":"gt-strudl","status":"publish","type":"page","link":"https:\/\/cadflix.eu\/sk\/gt-strudl\/","title":{"rendered":"GT STRUDL"},"content":{"rendered":"<div data-elementor-type=\"wp-page\" data-elementor-id=\"4983\" class=\"elementor elementor-4983\" data-elementor-post-type=\"page\">\n\t\t\t\t\t\t<section class=\"has_ae_slider elementor-section elementor-top-section elementor-element elementor-element-d8f614e elementor-section-full_width elementor-section-height-default elementor-section-height-default ae-bg-gallery-type-default\" data-id=\"d8f614e\" data-element_type=\"section\" data-e-type=\"section\">\n\t\t\t\t\t\t<div class=\"elementor-container elementor-column-gap-default\">\n\t\t\t\t\t<div class=\"has_ae_slider elementor-column elementor-col-100 elementor-top-column elementor-element elementor-element-1ed17c4 ae-bg-gallery-type-default\" data-id=\"1ed17c4\" data-element_type=\"column\" data-e-type=\"column\">\n\t\t\t<div class=\"elementor-widget-wrap elementor-element-populated\">\n\t\t\t\t\t\t<div class=\"elementor-element elementor-element-2c27cfd elementor-widget elementor-widget-heading\" data-id=\"2c27cfd\" data-element_type=\"widget\" data-e-type=\"widget\" data-widget_type=\"heading.default\">\n\t\t\t\t<div class=\"elementor-widget-container\">\n\t\t\t\t\t<h2 class=\"elementor-heading-title elementor-size-default\">GT STRUDL<\/h2>\t\t\t\t<\/div>\n\t\t\t\t<\/div>\n\t\t\t\t<div class=\"elementor-element elementor-element-dbc7e3d elementor-widget elementor-widget-text-editor\" data-id=\"dbc7e3d\" data-element_type=\"widget\" data-e-type=\"widget\" data-widget_type=\"text-editor.default\">\n\t\t\t\t<div class=\"elementor-widget-container\">\n\t\t\t\t\t\t\t\t\t<p>GT STRUDL<sup>\u00ae<\/sup>\u00a0is structural engineering software offering a complete design solution, including 3D CAD modeling and 64-bit high-performance computation solvers into all versions. GT STRUDL includes all the tools necessary to analyze a broad range of structural engineering and finite element analysis problems, including linear and nonlinear static and dynamic analysis, and can do so accurately in a fraction of the time of most other structural design software.<\/p>\t\t\t\t\t\t\t\t<\/div>\n\t\t\t\t<\/div>\n\t\t\t\t\t<\/div>\n\t\t<\/div>\n\t\t\t\t\t<\/div>\n\t\t<\/section>\n\t\t\n      <section class=\"elementor-section elementor-top-section elementor-element elementor-section-boxed elementor-section-height-default elementor-section-height-default\" data-element_type=\"section\">\n        <div class=\"elementor-container elementor-column-gap-default\">\n          <div class=\"elementor-column elementor-col-100 elementor-top-column elementor-element\" data-element_type=\"column\">\n            <div class=\"elementor-widget-wrap elementor-element-populated\">\n              <div class=\"elementor-element elementor-widget elementor-widget-text-editor\" data-element_type=\"widget\" data-widget_type=\"text-editor.default\">\n                  <div class=\"elementor-widget-container\">\n                    <div class=\"mp_wrapper\">\n  <div class=\"mepr-unauthorized-message\">\n    Nie ste opr\u00e1vnen\u00ed prezera\u0165 t\u00fato str\u00e1nku. Pros\u00edm, <a href=\"https:\/\/cadflix.eu\/sk\/login\/\">Prihl\u00e1si\u0165<\/a>, alebo <a href=\"https:\/\/cadflix.eu\/sk\/#register-pick-plan\">Upgrade na spr\u00e1vny pl\u00e1n<\/a>  <\/div>\n  <div class=\"mepr-login-form-wrap\">\n            \n<div class=\"mp_wrapper mp_login_form\">\n                  <!-- mp-login-form-start -->     <form name=\"mepr_loginform\" id=\"mepr_loginform\" class=\"mepr-form\" action=\"https:\/\/cadflix.eu\/sk\/login\/\" method=\"post\" data-trp-original-action=\"https:\/\/cadflix.eu\/login\/\">\n            <div class=\"mp-form-row mepr_username\">\n        <div class=\"mp-form-label\">\n                              <label for=\"user_login\">Username or E-mail<\/label>\n        <\/div>\n        <input type=\"text\" name=\"log\" id=\"user_login\" value=\"\" \/>\n      <\/div>\n      <div class=\"mp-form-row mepr_password\">\n        <div class=\"mp-form-label\">\n          <label for=\"user_pass\">Password<\/label>\n          <div class=\"mp-hide-pw\">\n            <input type=\"password\" name=\"pwd\" id=\"user_pass\" value=\"\" \/>\n            <button type=\"button\" class=\"button mp-hide-pw hide-if-no-js\" data-toggle=\"0\" aria-label=\"Zobrazi\u0165 heslo\">\n              <span class=\"dashicons dashicons-visibility\" aria-hidden=\"true\"><\/span>\n            <\/button>\n          <\/div>\n        <\/div>\n      <\/div>\n            <div>\n        <label><input name=\"rememberme\" type=\"checkbox\" id=\"rememberme\" value=\"forever\" \/> Remember Me<\/label>\n      <\/div>\n      <div class=\"mp-spacer\">&nbsp;<\/div>\n      <div class=\"submit\">\n        <input type=\"submit\" name=\"wp-submit\" id=\"wp-submit\" class=\"button-primary mepr-share-button\" value=\"Log In\" \/>\n        <input type=\"hidden\" name=\"redirect_to\" value=\"\/gt-strudl\/\" \/>\n        <input type=\"hidden\" name=\"mepr_process_login_form\" value=\"true\" \/>\n        <input type=\"hidden\" name=\"mepr_is_login_page\" value=\"false\" \/>\n      <\/div>\n    <input type=\"hidden\" name=\"trp-form-language\" value=\"sk\"\/><\/form>\n    <div class=\"mp-spacer\">&nbsp;<\/div>\n    <div class=\"mepr-login-actions\">\n        <a\n          href=\"https:\/\/cadflix.eu\/sk\/login\/?action=forgot_password\"\n          title=\"Click here to reset your password\"\n        >\n          Forgot Password        <\/a>\n    <\/div>\n\n      \n    <!-- mp-login-form-end --> \n  <\/div>\n      <\/div>\n<\/div>\n                  <\/div>\n                <\/div>\n              <\/div>\n            <\/div>\n          <\/div>\n        <\/div>\n      <\/section>\n\n      \n      <section class=\"elementor-section elementor-top-section elementor-element elementor-section-boxed elementor-section-height-default elementor-section-height-default\" data-element_type=\"section\">\n        <div class=\"elementor-container elementor-column-gap-default\">\n          <div class=\"elementor-column elementor-col-100 elementor-top-column elementor-element\" data-element_type=\"column\">\n            <div class=\"elementor-widget-wrap elementor-element-populated\">\n              <div class=\"elementor-element elementor-widget elementor-widget-text-editor\" data-element_type=\"widget\" data-widget_type=\"text-editor.default\">\n                  <div class=\"elementor-widget-container\">\n                    <div class=\"mp_wrapper\">\n  <div class=\"mepr-unauthorized-message\">\n    Nie ste opr\u00e1vnen\u00ed prezera\u0165 t\u00fato str\u00e1nku. Pros\u00edm, <a href=\"https:\/\/cadflix.eu\/sk\/login\/\">Prihl\u00e1si\u0165<\/a>, alebo <a href=\"https:\/\/cadflix.eu\/sk\/#register-pick-plan\">Upgrade na spr\u00e1vny pl\u00e1n<\/a>  <\/div>\n  <div class=\"mepr-login-form-wrap\">\n            \n<div class=\"mp_wrapper mp_login_form\">\n                  <!-- mp-login-form-start -->     <form name=\"mepr_loginform\" id=\"mepr_loginform\" class=\"mepr-form\" action=\"https:\/\/cadflix.eu\/sk\/login\/\" method=\"post\" data-trp-original-action=\"https:\/\/cadflix.eu\/login\/\">\n            <div class=\"mp-form-row mepr_username\">\n        <div class=\"mp-form-label\">\n                              <label for=\"user_login\">Username or E-mail<\/label>\n        <\/div>\n        <input type=\"text\" name=\"log\" id=\"user_login\" value=\"\" \/>\n      <\/div>\n      <div class=\"mp-form-row mepr_password\">\n        <div class=\"mp-form-label\">\n          <label for=\"user_pass\">Password<\/label>\n          <div class=\"mp-hide-pw\">\n            <input type=\"password\" name=\"pwd\" id=\"user_pass\" value=\"\" \/>\n            <button type=\"button\" class=\"button mp-hide-pw hide-if-no-js\" data-toggle=\"0\" aria-label=\"Zobrazi\u0165 heslo\">\n              <span class=\"dashicons dashicons-visibility\" aria-hidden=\"true\"><\/span>\n            <\/button>\n          <\/div>\n        <\/div>\n      <\/div>\n            <div>\n        <label><input name=\"rememberme\" type=\"checkbox\" id=\"rememberme\" value=\"forever\" \/> Remember Me<\/label>\n      <\/div>\n      <div class=\"mp-spacer\">&nbsp;<\/div>\n      <div class=\"submit\">\n        <input type=\"submit\" name=\"wp-submit\" id=\"wp-submit\" class=\"button-primary mepr-share-button\" value=\"Log In\" \/>\n        <input type=\"hidden\" name=\"redirect_to\" value=\"\/gt-strudl\/\" \/>\n        <input type=\"hidden\" name=\"mepr_process_login_form\" value=\"true\" \/>\n        <input type=\"hidden\" name=\"mepr_is_login_page\" value=\"false\" \/>\n      <\/div>\n    <input type=\"hidden\" name=\"trp-form-language\" value=\"sk\"\/><\/form>\n    <div class=\"mp-spacer\">&nbsp;<\/div>\n    <div class=\"mepr-login-actions\">\n        <a\n          href=\"https:\/\/cadflix.eu\/sk\/login\/?action=forgot_password\"\n          title=\"Click here to reset your password\"\n        >\n          Forgot Password        <\/a>\n    <\/div>\n\n      \n    <!-- mp-login-form-end --> \n  <\/div>\n      <\/div>\n<\/div>\n                  <\/div>\n                <\/div>\n              <\/div>\n            <\/div>\n          <\/div>\n        <\/div>\n      <\/section>\n\n      \n      <section class=\"elementor-section elementor-top-section elementor-element elementor-section-boxed elementor-section-height-default elementor-section-height-default\" data-element_type=\"section\">\n        <div class=\"elementor-container elementor-column-gap-default\">\n          <div class=\"elementor-column elementor-col-100 elementor-top-column elementor-element\" data-element_type=\"column\">\n            <div class=\"elementor-widget-wrap elementor-element-populated\">\n              <div class=\"elementor-element elementor-widget elementor-widget-text-editor\" data-element_type=\"widget\" data-widget_type=\"text-editor.default\">\n                  <div class=\"elementor-widget-container\">\n                    <div class=\"mp_wrapper\">\n  <div class=\"mepr-unauthorized-message\">\n    Nie ste opr\u00e1vnen\u00ed prezera\u0165 t\u00fato str\u00e1nku. Pros\u00edm, <a href=\"https:\/\/cadflix.eu\/sk\/login\/\">Prihl\u00e1si\u0165<\/a>, alebo <a href=\"https:\/\/cadflix.eu\/sk\/#register-pick-plan\">Upgrade na spr\u00e1vny pl\u00e1n<\/a>  <\/div>\n  <div class=\"mepr-login-form-wrap\">\n            \n<div class=\"mp_wrapper mp_login_form\">\n                  <!-- mp-login-form-start -->     <form name=\"mepr_loginform\" id=\"mepr_loginform\" class=\"mepr-form\" action=\"https:\/\/cadflix.eu\/sk\/login\/\" method=\"post\" data-trp-original-action=\"https:\/\/cadflix.eu\/login\/\">\n            <div class=\"mp-form-row mepr_username\">\n        <div class=\"mp-form-label\">\n                              <label for=\"user_login\">Username or E-mail<\/label>\n        <\/div>\n        <input type=\"text\" name=\"log\" id=\"user_login\" value=\"\" \/>\n      <\/div>\n      <div class=\"mp-form-row mepr_password\">\n        <div class=\"mp-form-label\">\n          <label for=\"user_pass\">Password<\/label>\n          <div class=\"mp-hide-pw\">\n            <input type=\"password\" name=\"pwd\" id=\"user_pass\" value=\"\" \/>\n            <button type=\"button\" class=\"button mp-hide-pw hide-if-no-js\" data-toggle=\"0\" aria-label=\"Zobrazi\u0165 heslo\">\n              <span class=\"dashicons dashicons-visibility\" aria-hidden=\"true\"><\/span>\n            <\/button>\n          <\/div>\n        <\/div>\n      <\/div>\n            <div>\n        <label><input name=\"rememberme\" type=\"checkbox\" id=\"rememberme\" value=\"forever\" \/> Remember Me<\/label>\n      <\/div>\n      <div class=\"mp-spacer\">&nbsp;<\/div>\n      <div class=\"submit\">\n        <input type=\"submit\" name=\"wp-submit\" id=\"wp-submit\" class=\"button-primary mepr-share-button\" value=\"Log In\" \/>\n        <input type=\"hidden\" name=\"redirect_to\" value=\"\/gt-strudl\/\" \/>\n        <input type=\"hidden\" name=\"mepr_process_login_form\" value=\"true\" \/>\n        <input type=\"hidden\" name=\"mepr_is_login_page\" value=\"false\" \/>\n      <\/div>\n    <input type=\"hidden\" name=\"trp-form-language\" value=\"sk\"\/><\/form>\n    <div class=\"mp-spacer\">&nbsp;<\/div>\n    <div class=\"mepr-login-actions\">\n        <a\n          href=\"https:\/\/cadflix.eu\/sk\/login\/?action=forgot_password\"\n          title=\"Click here to reset your password\"\n        >\n          Forgot Password        <\/a>\n    <\/div>\n\n      \n    <!-- mp-login-form-end --> \n  <\/div>\n      <\/div>\n<\/div>\n                  <\/div>\n                <\/div>\n              <\/div>\n            <\/div>\n          <\/div>\n        <\/div>\n      <\/section>\n\n      \t\t<\/div>","protected":false},"excerpt":{"rendered":"<p>GT STRUDL\u00ae\u00a0is structural engineering software offering a complete design solution, including 3D CAD modeling and 64-bit high-performance computation solvers into all versions. GT STRUDL includes all the tools necessary to analyze a broad range of structural engineering and finite element analysis problems, including linear and nonlinear static and dynamic analysis, and can do so accurately [&hellip;]<\/p>\n","protected":false},"author":1,"featured_media":0,"parent":0,"menu_order":13,"comment_status":"closed","ping_status":"closed","template":"","meta":{"footnotes":""},"class_list":["post-4983","page","type-page","status-publish","hentry"],"yoast_head":"<!-- This site is optimized with the Yoast SEO plugin v27.4 - https:\/\/yoast.com\/product\/yoast-seo-wordpress\/ -->\n<title>GT STRUDL - Cadflix<\/title>\n<meta name=\"robots\" content=\"index, follow, max-snippet:-1, max-image-preview:large, max-video-preview:-1\" \/>\n<link rel=\"canonical\" href=\"https:\/\/cadflix.eu\/sk\/gt-strudl\/\" \/>\n<meta property=\"og:locale\" content=\"sk_SK\" \/>\n<meta property=\"og:type\" content=\"article\" \/>\n<meta property=\"og:title\" content=\"GT STRUDL - Cadflix\" \/>\n<meta property=\"og:description\" content=\"GT STRUDL\u00ae\u00a0is structural engineering software offering a complete design solution, including 3D CAD modeling and 64-bit high-performance computation solvers into all versions. GT STRUDL includes all the tools necessary to analyze a broad range of structural engineering and finite element analysis problems, including linear and nonlinear static and dynamic analysis, and can do so accurately [&hellip;]\" \/>\n<meta property=\"og:url\" content=\"https:\/\/cadflix.eu\/sk\/gt-strudl\/\" \/>\n<meta property=\"og:site_name\" content=\"Cadflix\" \/>\n<meta property=\"article:modified_time\" content=\"2021-11-07T09:19:35+00:00\" \/>\n<meta name=\"twitter:card\" content=\"summary_large_image\" \/>\n<meta name=\"twitter:label1\" content=\"Predpokladan\u00fd \u010das \u010d\u00edtania\" \/>\n\t<meta name=\"twitter:data1\" content=\"2 min\u00faty\" \/>\n<script type=\"application\/ld+json\" class=\"yoast-schema-graph\">{\"@context\":\"https:\\\/\\\/schema.org\",\"@graph\":[{\"@type\":\"WebPage\",\"@id\":\"https:\\\/\\\/cadflix.eu\\\/sl\\\/gt-strudl\\\/\",\"url\":\"https:\\\/\\\/cadflix.eu\\\/sl\\\/gt-strudl\\\/\",\"name\":\"GT STRUDL - Cadflix\",\"isPartOf\":{\"@id\":\"https:\\\/\\\/cadflix.eu\\\/#website\"},\"datePublished\":\"2021-11-06T18:04:13+00:00\",\"dateModified\":\"2021-11-07T09:19:35+00:00\",\"breadcrumb\":{\"@id\":\"https:\\\/\\\/cadflix.eu\\\/sl\\\/gt-strudl\\\/#breadcrumb\"},\"inLanguage\":\"sk-SK\",\"potentialAction\":[{\"@type\":\"ReadAction\",\"target\":[\"https:\\\/\\\/cadflix.eu\\\/sl\\\/gt-strudl\\\/\"]}]},{\"@type\":\"BreadcrumbList\",\"@id\":\"https:\\\/\\\/cadflix.eu\\\/sl\\\/gt-strudl\\\/#breadcrumb\",\"itemListElement\":[{\"@type\":\"ListItem\",\"position\":1,\"name\":\"Home\",\"item\":\"https:\\\/\\\/cadflix.eu\\\/\"},{\"@type\":\"ListItem\",\"position\":2,\"name\":\"GT STRUDL\"}]},{\"@type\":\"WebSite\",\"@id\":\"https:\\\/\\\/cadflix.eu\\\/#website\",\"url\":\"https:\\\/\\\/cadflix.eu\\\/\",\"name\":\"Cadflix\",\"description\":\"by Cadvision\",\"publisher\":{\"@id\":\"https:\\\/\\\/cadflix.eu\\\/#organization\"},\"potentialAction\":[{\"@type\":\"SearchAction\",\"target\":{\"@type\":\"EntryPoint\",\"urlTemplate\":\"https:\\\/\\\/cadflix.eu\\\/?s={search_term_string}\"},\"query-input\":{\"@type\":\"PropertyValueSpecification\",\"valueRequired\":true,\"valueName\":\"search_term_string\"}}],\"inLanguage\":\"sk-SK\"},{\"@type\":\"Organization\",\"@id\":\"https:\\\/\\\/cadflix.eu\\\/#organization\",\"name\":\"CADFLIX\",\"url\":\"https:\\\/\\\/cadflix.eu\\\/\",\"logo\":{\"@type\":\"ImageObject\",\"inLanguage\":\"sk-SK\",\"@id\":\"https:\\\/\\\/cadflix.eu\\\/#\\\/schema\\\/logo\\\/image\\\/\",\"url\":\"https:\\\/\\\/cadflix.eu\\\/wp-content\\\/uploads\\\/2021\\\/04\\\/invouce-cadflix-logo.png\",\"contentUrl\":\"https:\\\/\\\/cadflix.eu\\\/wp-content\\\/uploads\\\/2021\\\/04\\\/invouce-cadflix-logo.png\",\"width\":800,\"height\":335,\"caption\":\"CADFLIX\"},\"image\":{\"@id\":\"https:\\\/\\\/cadflix.eu\\\/#\\\/schema\\\/logo\\\/image\\\/\"}}]}<\/script>\n<!-- \/ Yoast SEO plugin. -->","yoast_head_json":{"title":"GT STRUDL - Cadflix","robots":{"index":"index","follow":"follow","max-snippet":"max-snippet:-1","max-image-preview":"max-image-preview:large","max-video-preview":"max-video-preview:-1"},"canonical":"https:\/\/cadflix.eu\/sk\/gt-strudl\/","og_locale":"sk_SK","og_type":"article","og_title":"GT STRUDL - Cadflix","og_description":"GT STRUDL\u00ae\u00a0is structural engineering software offering a complete design solution, including 3D CAD modeling and 64-bit high-performance computation solvers into all versions. GT STRUDL includes all the tools necessary to analyze a broad range of structural engineering and finite element analysis problems, including linear and nonlinear static and dynamic analysis, and can do so accurately [&hellip;]","og_url":"https:\/\/cadflix.eu\/sk\/gt-strudl\/","og_site_name":"Cadflix","article_modified_time":"2021-11-07T09:19:35+00:00","twitter_card":"summary_large_image","twitter_misc":{"Predpokladan\u00fd \u010das \u010d\u00edtania":"2 min\u00faty"},"schema":{"@context":"https:\/\/schema.org","@graph":[{"@type":"WebPage","@id":"https:\/\/cadflix.eu\/sl\/gt-strudl\/","url":"https:\/\/cadflix.eu\/sl\/gt-strudl\/","name":"GT STRUDL - Cadflix","isPartOf":{"@id":"https:\/\/cadflix.eu\/#website"},"datePublished":"2021-11-06T18:04:13+00:00","dateModified":"2021-11-07T09:19:35+00:00","breadcrumb":{"@id":"https:\/\/cadflix.eu\/sl\/gt-strudl\/#breadcrumb"},"inLanguage":"sk-SK","potentialAction":[{"@type":"ReadAction","target":["https:\/\/cadflix.eu\/sl\/gt-strudl\/"]}]},{"@type":"BreadcrumbList","@id":"https:\/\/cadflix.eu\/sl\/gt-strudl\/#breadcrumb","itemListElement":[{"@type":"ListItem","position":1,"name":"Home","item":"https:\/\/cadflix.eu\/"},{"@type":"ListItem","position":2,"name":"GT STRUDL"}]},{"@type":"WebSite","@id":"https:\/\/cadflix.eu\/#website","url":"https:\/\/cadflix.eu\/","name":"Cadflix","description":"by Cadvision","publisher":{"@id":"https:\/\/cadflix.eu\/#organization"},"potentialAction":[{"@type":"SearchAction","target":{"@type":"EntryPoint","urlTemplate":"https:\/\/cadflix.eu\/?s={search_term_string}"},"query-input":{"@type":"PropertyValueSpecification","valueRequired":true,"valueName":"search_term_string"}}],"inLanguage":"sk-SK"},{"@type":"Organization","@id":"https:\/\/cadflix.eu\/#organization","name":"CADFLIX","url":"https:\/\/cadflix.eu\/","logo":{"@type":"ImageObject","inLanguage":"sk-SK","@id":"https:\/\/cadflix.eu\/#\/schema\/logo\/image\/","url":"https:\/\/cadflix.eu\/wp-content\/uploads\/2021\/04\/invouce-cadflix-logo.png","contentUrl":"https:\/\/cadflix.eu\/wp-content\/uploads\/2021\/04\/invouce-cadflix-logo.png","width":800,"height":335,"caption":"CADFLIX"},"image":{"@id":"https:\/\/cadflix.eu\/#\/schema\/logo\/image\/"}}]}},"publishpress_future_action":{"enabled":false,"date":"2026-05-04 19:20:18","action":"change-status","newStatus":"draft","terms":[],"taxonomy":"","extraData":[]},"publishpress_future_workflow_manual_trigger":{"enabledWorkflows":[]},"_links":{"self":[{"href":"https:\/\/cadflix.eu\/sk\/wp-json\/wp\/v2\/pages\/4983","targetHints":{"allow":["GET"]}}],"collection":[{"href":"https:\/\/cadflix.eu\/sk\/wp-json\/wp\/v2\/pages"}],"about":[{"href":"https:\/\/cadflix.eu\/sk\/wp-json\/wp\/v2\/types\/page"}],"author":[{"embeddable":true,"href":"https:\/\/cadflix.eu\/sk\/wp-json\/wp\/v2\/users\/1"}],"replies":[{"embeddable":true,"href":"https:\/\/cadflix.eu\/sk\/wp-json\/wp\/v2\/comments?post=4983"}],"version-history":[{"count":28,"href":"https:\/\/cadflix.eu\/sk\/wp-json\/wp\/v2\/pages\/4983\/revisions"}],"predecessor-version":[{"id":5137,"href":"https:\/\/cadflix.eu\/sk\/wp-json\/wp\/v2\/pages\/4983\/revisions\/5137"}],"wp:attachment":[{"href":"https:\/\/cadflix.eu\/sk\/wp-json\/wp\/v2\/media?parent=4983"}],"curies":[{"name":"wp","href":"https:\/\/api.w.org\/{rel}","templated":true}]}}